{"id":220,"date":"2024-07-16T13:41:26","date_gmt":"2024-07-16T11:41:26","guid":{"rendered":"http:\/\/parveen-savart.com\/site1\/?page_id=220"},"modified":"2025-12-20T14:28:35","modified_gmt":"2025-12-20T13:28:35","slug":"biography","status":"publish","type":"page","link":"https:\/\/parveen-savart.com\/?page_id=220","title":{"rendered":"BIOGRAPHY"},"content":{"rendered":"\n<p><a href=\"http:\/\/parveen-savart.com\/site1\/?page_id=220\" data-type=\"page\" data-id=\"220\">EN<\/a> \/ <a href=\"https:\/\/parveen-savart.com\/?page_id=8\" data-type=\"page\" data-id=\"8\">FR<\/a><\/p>\n\n\n\n<hr class=\"wp-block-separator has-alpha-channel-opacity\"\/>\n\n\n\n<p class=\"has-text-align-center\"><em>\u00ab\u00a0We love the freshness of Parveen Savart&rsquo;s Rosalinde, with her agile and airy high notes.\u00a0\u00bb<\/em><br>ConcertoNet \/ The Classical Music Network&nbsp;<\/p>\n\n\n\n<hr class=\"wp-block-separator has-alpha-channel-opacity\"\/>\n\n\n\n<div class=\"wp-block-columns is-layout-flex wp-container-core-columns-is-layout-9d6595d7 wp-block-columns-is-layout-flex\">\n<div class=\"wp-block-column is-layout-flow wp-block-column-is-layout-flow\">\n<p style=\"font-size:14px\">After studying violin and attending the Radio France choir school and the CRR of Paris, soprano Parveen Savart continued her training at the Conservatoire National Sup\u00e9rieur de Musique et de Danse de Paris in the class of \u00c9l\u00e8ne Golg\u00e9vit. Throughout her journey, she has received guidance from musical figures such as Nathalie Stutzmann, Anne Sofie von Otter, Inva Mula, Anne Le Bozec, Jeff Cohen, Margreet H\u00f6nig, and Regina Werner.<\/p>\n\n\n\n<p style=\"font-size:14px\">She is a laureate of the Acad\u00e9mie des Frivolit\u00e9s Parisiennes and the Fondation de France, receiving the Prix Dauphin de Verna, as well as the Tarrazzi and SAFRAN foundations, and since June 2024, the ADAMI.<\/p>\n\n\n\n<p style=\"font-size:14px\">Parveen Savart is regularly invited by ensembles and conductors such as the Palais Royal, the Orchestre Colonne with Marc Korovitch (opera aria recital at the Th\u00e9\u00e2tre des Champs-\u00c9lys\u00e9es), and Maxime Pascal with Le Balcon for the inaugural concert at the Scala Paris, where she performed George Crumb&rsquo;s <em>Apparitions<\/em> with pianist Alphonse Cemin. In September 2021, she performed with the ensemble Les Frivolit\u00e9s Parisiennes at their festival at the Orangerie de Bagatelle in Paris. On stage, Parveen embodies the roles of Eurydice in Offenbach&rsquo;s <em>Orph\u00e9e aux Enfers<\/em>, Sigismondo in Handel&rsquo;s <em>Arminio<\/em>, and Zephyr in Lully&rsquo;s <em>Psych\u00e9<\/em>. She also sings the role of the Young Girl in Wolfgang Rihm&rsquo;s opera <em>Jakob Lenz<\/em> at the Th\u00e9\u00e2tre de l&rsquo;Ath\u00e9n\u00e9e in Paris (dir. Maxime Pascal), reprised in 2022 at the Salzburg Festival at the Mozarteum, and the Fairy in Massenet&rsquo;s <em>Cendrillon<\/em>. She also portrays Miss Jessel in Britten&rsquo;s <em>The Turn of the Screw<\/em> (a co-production between the Philharmonie de Paris and the CNSMDP), as well as Gemmira in Cavalli&rsquo;s <em>Eliogabalo<\/em> at the Saorge Early Music Festival.<\/p>\n<\/div>\n\n\n\n<div class=\"wp-block-column is-layout-flow wp-block-column-is-layout-flow\"><div class=\"wp-block-image\">\n<figure class=\"aligncenter size-large is-resized\"><img fetchpriority=\"high\" decoding=\"async\" width=\"683\" height=\"1024\" src=\"http:\/\/parveen-savart.com\/site1\/wp-content\/uploads\/2024\/07\/IMG_6633-683x1024.jpg\" alt=\"\" class=\"wp-image-416\" style=\"width:397px;height:auto\" srcset=\"https:\/\/parveen-savart.com\/wp-content\/uploads\/2024\/07\/IMG_6633-683x1024.jpg 683w, https:\/\/parveen-savart.com\/wp-content\/uploads\/2024\/07\/IMG_6633-200x300.jpg 200w, https:\/\/parveen-savart.com\/wp-content\/uploads\/2024\/07\/IMG_6633-768x1152.jpg 768w, https:\/\/parveen-savart.com\/wp-content\/uploads\/2024\/07\/IMG_6633-1024x1536.jpg 1024w, https:\/\/parveen-savart.com\/wp-content\/uploads\/2024\/07\/IMG_6633.jpg 1365w\" sizes=\"(max-width: 683px) 100vw, 683px\" \/><\/figure>\n<\/div><\/div>\n<\/div>\n\n\n\n<hr class=\"wp-block-separator has-alpha-channel-opacity\"\/>\n\n\n\n<p class=\"has-text-align-center\"><em>\u00ab\u00a0Soprano Parveen Savart lends the character of Rosalinde her rich voice with a fitting vibrato. With great lyricism, she performs the Csardas, asserting present low notes and projected high notes. Her stage presence is compelling, and she unmasks her husband with confidence and sensuality.\u00a0\u00bb<\/em><br>Olyrix<\/p>\n\n\n\n<hr class=\"wp-block-separator has-alpha-channel-opacity\"\/>\n\n\n\n<div class=\"wp-block-columns is-layout-flex wp-container-core-columns-is-layout-9d6595d7 wp-block-columns-is-layout-flex\">\n<div class=\"wp-block-column is-layout-flow wp-block-column-is-layout-flow\"><div class=\"wp-block-image\">\n<figure class=\"aligncenter size-large is-resized\"><img decoding=\"async\" width=\"1024\" height=\"683\" src=\"http:\/\/parveen-savart.com\/site1\/wp-content\/uploads\/2024\/07\/IMG_9017-1024x683.jpg\" alt=\"\" class=\"wp-image-438\" style=\"width:521px;height:auto\" srcset=\"https:\/\/parveen-savart.com\/wp-content\/uploads\/2024\/07\/IMG_9017-1024x683.jpg 1024w, https:\/\/parveen-savart.com\/wp-content\/uploads\/2024\/07\/IMG_9017-300x200.jpg 300w, https:\/\/parveen-savart.com\/wp-content\/uploads\/2024\/07\/IMG_9017-768x512.jpg 768w, https:\/\/parveen-savart.com\/wp-content\/uploads\/2024\/07\/IMG_9017-1536x1024.jpg 1536w, https:\/\/parveen-savart.com\/wp-content\/uploads\/2024\/07\/IMG_9017-2048x1365.jpg 2048w\" sizes=\"(max-width: 1024px) 100vw, 1024px\" \/><\/figure>\n<\/div><\/div>\n\n\n\n<div class=\"wp-block-column is-layout-flow wp-block-column-is-layout-flow\">\n<p style=\"font-size:14px\">In 2022, Parveen made her debut in the role of Rosalinde in Johann Strauss&rsquo;s opera <em>Die Fledermaus<\/em> under the baton of Lucie Leguay, directed by Nicola Raab. She also plays the roles of Zlabya in <em>Le Chat du Rabbin<\/em> at the Dijon Opera, a creation of Les Frivolit\u00e9s Parisiennes directed by Pascal Neyron, and Chim\u00e8ne in <em>Chim\u00e8ne faire entendre sa voix<\/em>, an adaptation by Sandrine Anglade of the works of A. Sacchini and Corneille, in co-production with the Arcal and the Concert de la Loge.<\/p>\n\n\n\n<p style=\"font-size:14px\">Equally fond of oratorio, she notably interprets the title role in Handel&rsquo;s <em>Esther<\/em>, the solo parts in Mozart&rsquo;s and Michael Haydn&rsquo;s <em>Requiems<\/em>, Orff&rsquo;s <em>Carmina Burana<\/em> with the Orchestre Symphonique du Touquet, and the Servant in Micha\u00ebl Levinas&rsquo;s <em>Passion selon Marc<\/em> at the Philharmonie de Paris with the Orchestre de Chambre de Paris conducted by Maxime Pascal.<\/p>\n<\/div>\n<\/div>\n\n\n\n<hr class=\"wp-block-separator has-alpha-channel-opacity\"\/>\n\n\n\n<p class=\"has-text-align-center\"><em>\u00ab\u00a0Soprano Parveen Savart, recently noted for her role as Mica\u00ebla in Carmen in Sandrine Anglade&rsquo;s production, lets her light and luminous voice flourish in all her performances.\u00a0\u00bb<\/em><br>Olyrix<\/p>\n\n\n\n<hr class=\"wp-block-separator has-alpha-channel-opacity\"\/>\n\n\n\n<div class=\"wp-block-columns is-layout-flex wp-container-core-columns-is-layout-9d6595d7 wp-block-columns-is-layout-flex\">\n<div class=\"wp-block-column is-layout-flow wp-block-column-is-layout-flow\">\n<p style=\"font-size:14px\">Highly attuned to the world of melody and particularly drawn to the Russian repertoire, Parveen forms duos with pianists Gaspard Thomas (with whom she is a laureate of the Trossingen Lied Academy in Germany) and Natallia Yeliseyeva during recitals at the Auditorium du Grand Palais, the Palais de Tokyo, the Cit\u00e9 de la Musique, the Petit Palais on the invitation of the Jeunes Talents association, and the Philharmonie de Minsk.<\/p>\n\n\n\n<p style=\"font-size:14px\">In July 2024, she records an album with pianist Anna Giorgi under the INITIALE label, featuring French melodies from the early 20th century as well as a newly commissioned song cycle by composer Arthur Lavandier, based on poems by Pierre Peuchmaurd, for cello (Maya Devane), piano (Fr\u00e9d\u00e9ric Rubay), and voice. This creation (commissioned by the singer herself) has been supported by the SAFRAN foundation.<\/p>\n\n\n\n<p style=\"font-size:14px\">Upcoming, Parveen Savart will make her debut at the Limoges Opera in the role of Mica\u00ebla in Bizet&rsquo;s <em>Carmen<\/em> with the Sandrine Anglade company. She will also perform at the Saint-Etienne Opera with Arcal for a reprise of <em>Chim\u00e8ne<\/em>, in recital at the Lille Opera, as well as at the Reims Opera and the Th\u00e9\u00e2tre Imp\u00e9rial de Compi\u00e8gne for the creation of the show <em>H\u00e9l\u00e8ne ou la voix disparue<\/em> with Les Frivolit\u00e9s Parisiennes.<\/p>\n<\/div>\n\n\n\n<div class=\"wp-block-column is-layout-flow wp-block-column-is-layout-flow\"><div class=\"wp-block-image\">\n<figure class=\"aligncenter size-large is-resized\"><img decoding=\"async\" width=\"1024\" height=\"683\" src=\"http:\/\/parveen-savart.com\/site1\/wp-content\/uploads\/2024\/07\/IMG_7132-1024x683.jpg\" alt=\"\" class=\"wp-image-421\" style=\"width:814px;height:auto\" srcset=\"https:\/\/parveen-savart.com\/wp-content\/uploads\/2024\/07\/IMG_7132-1024x683.jpg 1024w, https:\/\/parveen-savart.com\/wp-content\/uploads\/2024\/07\/IMG_7132-300x200.jpg 300w, https:\/\/parveen-savart.com\/wp-content\/uploads\/2024\/07\/IMG_7132-768x513.jpg 768w, https:\/\/parveen-savart.com\/wp-content\/uploads\/2024\/07\/IMG_7132-1536x1025.jpg 1536w, https:\/\/parveen-savart.com\/wp-content\/uploads\/2024\/07\/IMG_7132-2048x1367.jpg 2048w\" sizes=\"(max-width: 1024px) 100vw, 1024px\" \/><\/figure>\n<\/div><\/div>\n<\/div>\n\n\n\n<hr class=\"wp-block-separator has-alpha-channel-opacity\"\/>\n\n\n\n<p class=\"has-text-align-center\"><em>\u00ab\u00a0In one hour, Parveen Savart and Gaspard Thomas simply proved their talent to us today! What a voice, what a timbre! With subtle low notes in Strauss! Everything is in place, with breathtaking pianissimi and fortes, and what theatricality in the interpretation of these poems that speak of happy or unhappy loves. They have formed their duo barely two years ago, and the harmony is perfect. While the Grieg pieces were magnificent to hear and the Poulenc delightful, it was the Canciones by Joaquin Turina that we appreciated the most, and here, Parveen Savart could fully enjoy herself. These are two young talents who deserve to be better known; we eagerly await a recording and another concert.\u00a0\u00bb<\/em><br>Vieille Carne<\/p>\n\n\n\n<hr class=\"wp-block-separator has-alpha-channel-opacity\"\/>\n\n\n\n<p style=\"font-size:14px\"><\/p>\n\n\n\n<p><\/p>\n","protected":false},"excerpt":{"rendered":"<p>EN \/ FR \u00ab\u00a0We love the freshness of Parveen Savart&rsquo;s Rosalinde, with her agile and airy high notes.\u00a0\u00bbConcertoNet \/ The Classical Music Network&nbsp; After studying violin and attending the Radio France choir school and the CRR of Paris, soprano Parveen Savart continued her training at the Conservatoire National Sup\u00e9rieur de Musique et de Danse de [&hellip;]<\/p>\n","protected":false},"author":1,"featured_media":0,"parent":0,"menu_order":0,"comment_status":"closed","ping_status":"closed","template":"","meta":{"ocean_post_layout":"","ocean_both_sidebars_style":"","ocean_both_sidebars_content_width":0,"ocean_both_sidebars_sidebars_width":0,"ocean_sidebar":"","ocean_second_sidebar":"","ocean_disable_margins":"enable","ocean_add_body_class":"","ocean_shortcode_before_top_bar":"","ocean_shortcode_after_top_bar":"","ocean_shortcode_before_header":"","ocean_shortcode_after_header":"","ocean_has_shortcode":"","ocean_shortcode_after_title":"","ocean_shortcode_before_footer_widgets":"","ocean_shortcode_after_footer_widgets":"","ocean_shortcode_before_footer_bottom":"","ocean_shortcode_after_footer_bottom":"","ocean_display_top_bar":"default","ocean_display_header":"default","ocean_header_style":"","ocean_center_header_left_menu":"","ocean_custom_header_template":"","ocean_custom_logo":0,"ocean_custom_retina_logo":0,"ocean_custom_logo_max_width":0,"ocean_custom_logo_tablet_max_width":0,"ocean_custom_logo_mobile_max_width":0,"ocean_custom_logo_max_height":0,"ocean_custom_logo_tablet_max_height":0,"ocean_custom_logo_mobile_max_height":0,"ocean_header_custom_menu":"","ocean_menu_typo_font_family":"","ocean_menu_typo_font_subset":"","ocean_menu_typo_font_size":0,"ocean_menu_typo_font_size_tablet":0,"ocean_menu_typo_font_size_mobile":0,"ocean_menu_typo_font_size_unit":"px","ocean_menu_typo_font_weight":"","ocean_menu_typo_font_weight_tablet":"","ocean_menu_typo_font_weight_mobile":"","ocean_menu_typo_transform":"","ocean_menu_typo_transform_tablet":"","ocean_menu_typo_transform_mobile":"","ocean_menu_typo_line_height":0,"ocean_menu_typo_line_height_tablet":0,"ocean_menu_typo_line_height_mobile":0,"ocean_menu_typo_line_height_unit":"","ocean_menu_typo_spacing":0,"ocean_menu_typo_spacing_tablet":0,"ocean_menu_typo_spacing_mobile":0,"ocean_menu_typo_spacing_unit":"","ocean_menu_link_color":"","ocean_menu_link_color_hover":"","ocean_menu_link_color_active":"","ocean_menu_link_background":"","ocean_menu_link_hover_background":"","ocean_menu_link_active_background":"","ocean_menu_social_links_bg":"","ocean_menu_social_hover_links_bg":"","ocean_menu_social_links_color":"","ocean_menu_social_hover_links_color":"","ocean_disable_title":"default","ocean_disable_heading":"default","ocean_post_title":"","ocean_post_subheading":"","ocean_post_title_style":"","ocean_post_title_background_color":"","ocean_post_title_background":0,"ocean_post_title_bg_image_position":"","ocean_post_title_bg_image_attachment":"","ocean_post_title_bg_image_repeat":"","ocean_post_title_bg_image_size":"","ocean_post_title_height":0,"ocean_post_title_bg_overlay":0.5,"ocean_post_title_bg_overlay_color":"","ocean_disable_breadcrumbs":"default","ocean_breadcrumbs_color":"","ocean_breadcrumbs_separator_color":"","ocean_breadcrumbs_links_color":"","ocean_breadcrumbs_links_hover_color":"","ocean_display_footer_widgets":"default","ocean_display_footer_bottom":"default","ocean_custom_footer_template":"","footnotes":""},"class_list":["post-220","page","type-page","status-publish","hentry","entry"],"_links":{"self":[{"href":"https:\/\/parveen-savart.com\/index.php?rest_route=\/wp\/v2\/pages\/220","targetHints":{"allow":["GET"]}}],"collection":[{"href":"https:\/\/parveen-savart.com\/index.php?rest_route=\/wp\/v2\/pages"}],"about":[{"href":"https:\/\/parveen-savart.com\/index.php?rest_route=\/wp\/v2\/types\/page"}],"author":[{"embeddable":true,"href":"https:\/\/parveen-savart.com\/index.php?rest_route=\/wp\/v2\/users\/1"}],"replies":[{"embeddable":true,"href":"https:\/\/parveen-savart.com\/index.php?rest_route=%2Fwp%2Fv2%2Fcomments&post=220"}],"version-history":[{"count":41,"href":"https:\/\/parveen-savart.com\/index.php?rest_route=\/wp\/v2\/pages\/220\/revisions"}],"predecessor-version":[{"id":1156,"href":"https:\/\/parveen-savart.com\/index.php?rest_route=\/wp\/v2\/pages\/220\/revisions\/1156"}],"wp:attachment":[{"href":"https:\/\/parveen-savart.com\/index.php?rest_route=%2Fwp%2Fv2%2Fmedia&parent=220"}],"curies":[{"name":"wp","href":"https:\/\/api.w.org\/{rel}","templated":true}]}}