{"id":8,"date":"2024-04-24T16:27:50","date_gmt":"2024-04-24T14:27:50","guid":{"rendered":"http:\/\/parveen-savart.com\/site1\/?page_id=8"},"modified":"2026-02-13T22:07:59","modified_gmt":"2026-02-13T21:07:59","slug":"biographie","status":"publish","type":"page","link":"https:\/\/parveen-savart.com\/?page_id=8","title":{"rendered":"BIOGRAPHIE"},"content":{"rendered":"\n<p><a href=\"http:\/\/parveen-savart.com\/?page_id=220\" data-type=\"page\" data-id=\"220\">EN<\/a> \/ <a href=\"http:\/\/parveen-savart.com\/site1\/?page_id=8\" data-type=\"page\" data-id=\"8\">FR<\/a><\/p>\n\n\n\n<hr class=\"wp-block-separator has-alpha-channel-opacity\"\/>\n\n\n\n<p class=\"has-text-align-center\"><em>\u00ab&nbsp;On aime la fraicheur de la Rosalinde de Parveen Savart, \u00e0 l\u2019aigu agile et a\u00e9rien&nbsp;\u00bb<\/em><br>ConcertoNet \/ The Classical Music Network&nbsp;<\/p>\n\n\n\n<hr class=\"wp-block-separator has-alpha-channel-opacity\"\/>\n\n\n\n<div class=\"wp-block-columns is-layout-flex wp-container-core-columns-is-layout-9d6595d7 wp-block-columns-is-layout-flex\">\n<div class=\"wp-block-column is-layout-flow wp-block-column-is-layout-flow\">\n<p style=\"font-size:15px\">Apr\u00e8s des \u00e9tudes de violon et une scolarit\u00e9 \u00e0 la maitrise de Radio France puis au CRR de Paris, la soprano Parveen Savart poursuit sa formation au Conservatoire National Sup\u00e9rieur de Musique et de Danse de Paris dans la classe d\u2019\u00c9l\u00e8ne Golg\u00e9vit. Tout au long de son parcours, elle b\u00e9n\u00e9ficie des conseils de personnalit\u00e9s musicales telles que Nathalie Stutzmann, Anne Sofie von Otter, Inva Mula, Anne Le Bozec, Dame Felicity Lott, Margreet H\u00f6nig, ou encore Regina Werner.<\/p>\n\n\n\n<p class=\"has-text-align-left\" style=\"font-size:15px\">Elle est laur\u00e9ate de l\u2019Acad\u00e9mie des Frivolit\u00e9s Parisiennes ainsi que de la Fondation de France, dont elle re\u00e7oit le Prix Dauphin de Verna, mais \u00e9galement des fondations de Tarrazzi et SAFRAN et, depuis juin 2024, de l\u2019ADAMI.<\/p>\n\n\n\n<p class=\"has-text-align-left\" style=\"font-size:15px\">Parveen Savart est r\u00e9guli\u00e8rement invit\u00e9e par des ensembles et chefs d\u2019orchestres tels que le Palais Royal, l\u2019Orchestre Colonne avec Marc Korovitch (r\u00e9cital d\u2019airs d\u2019op\u00e9ra au Th\u00e9\u00e2tre des Champs-\u00c9lys\u00e9es), ou encore Maxime Pascal avec Le Balcon pour le concert d\u2019inauguration de la Scala Paris o\u00f9 elle interpr\u00e8te les\u00a0<em>Apparitions<\/em>\u00a0de George Crumb avec le pianiste Alphonse Cemin. Elle se produit avec l\u2019ensemble des Frivolit\u00e9s Parisiennes, dans le cadre du festival de l\u2019Orangerie de Bagatelle \u00e0 Paris ou encore \u00e0 l\u2019auditorium du Mus\u00e9e d\u2019Orsay pour un programme d\u2019op\u00e9rettes. \u00a0Sur sc\u00e8ne, Parveen incarne les r\u00f4les d\u2019Eurydice dans\u00a0<em>Orph\u00e9e aux Enfers<\/em>\u00a0d\u2019Offenbach, Sigismondo dans\u00a0<em>Arminio<\/em>\u00a0de Haendel, Z\u00e9phyr dans\u00a0<em>Psych\u00e9<\/em>\u00a0de Lully. Elle chante \u00e9galement la Jeune Fille dans l\u2019op\u00e9ra\u00a0<em>Jakob Lenz<\/em>\u00a0de Wolfgang Rihm au Th\u00e9\u00e2tre de l\u2019Ath\u00e9n\u00e9e \u00e0 Paris (dir. Maxime Pascal), repris en 2022 au festival de Salzbourg au Mozarteum, puis La F\u00e9e dans\u00a0<em>Cendrillon<\/em>\u00a0de Massenet. Elle incarne aussi le r\u00f4le de Miss Jessel dans\u00a0<em>The Turn of the Screw<\/em>\u00a0de Britten (coproduction entre la Philharmonie de Paris et le CNSMDP), ainsi que Gemmira dans\u00a0<em>Eliogabalo<\/em>\u00a0de Cavalli au Festival de musique ancienne de Saorge.\u00a0<\/p>\n<\/div>\n\n\n\n<div class=\"wp-block-column is-layout-flow wp-block-column-is-layout-flow\"><div class=\"wp-block-image\">\n<figure class=\"aligncenter size-large is-resized\"><img fetchpriority=\"high\" decoding=\"async\" width=\"683\" height=\"1024\" src=\"http:\/\/parveen-savart.com\/site1\/wp-content\/uploads\/2024\/07\/Couv-3-683x1024.jpg\" alt=\"\" class=\"wp-image-226\" style=\"width:447px;height:auto\" srcset=\"https:\/\/parveen-savart.com\/wp-content\/uploads\/2024\/07\/Couv-3-683x1024.jpg 683w, https:\/\/parveen-savart.com\/wp-content\/uploads\/2024\/07\/Couv-3-200x300.jpg 200w, https:\/\/parveen-savart.com\/wp-content\/uploads\/2024\/07\/Couv-3-768x1152.jpg 768w, https:\/\/parveen-savart.com\/wp-content\/uploads\/2024\/07\/Couv-3-1024x1536.jpg 1024w, https:\/\/parveen-savart.com\/wp-content\/uploads\/2024\/07\/Couv-3-1365x2048.jpg 1365w, https:\/\/parveen-savart.com\/wp-content\/uploads\/2024\/07\/Couv-3-scaled.jpg 1707w\" sizes=\"(max-width: 683px) 100vw, 683px\" \/><\/figure>\n<\/div><\/div>\n<\/div>\n\n\n\n<hr class=\"wp-block-separator has-alpha-channel-opacity\"\/>\n\n\n\n<p class=\"has-text-align-center\"><em>\u00ab&nbsp;La soprano Parveen Savart pr\u00eate au personnage de Rosalinde sa voix charnue au vibrato seyant. Dans un grand lyrisme, elle interpr\u00e8te la Csardas, affirmant des graves pr\u00e9sents et des aigus projet\u00e9s. Sa pr\u00e9sence sc\u00e9nique s\u2019affirme, et elle d\u00e9masque son mari avec assurance et volupt\u00e9.&nbsp;\u00bb<\/em><br>Olyrix<\/p>\n\n\n\n<hr class=\"wp-block-separator has-alpha-channel-opacity\"\/>\n\n\n\n<div class=\"wp-block-columns is-layout-flex wp-container-core-columns-is-layout-9d6595d7 wp-block-columns-is-layout-flex\">\n<div class=\"wp-block-column is-layout-flow wp-block-column-is-layout-flow\">\n<figure class=\"wp-block-image size-large\"><img decoding=\"async\" width=\"1024\" height=\"683\" src=\"http:\/\/parveen-savart.com\/site1\/wp-content\/uploads\/2024\/07\/IMG_7178-1024x683.jpg\" alt=\"\" class=\"wp-image-430\" srcset=\"https:\/\/parveen-savart.com\/wp-content\/uploads\/2024\/07\/IMG_7178-1024x683.jpg 1024w, https:\/\/parveen-savart.com\/wp-content\/uploads\/2024\/07\/IMG_7178-300x200.jpg 300w, https:\/\/parveen-savart.com\/wp-content\/uploads\/2024\/07\/IMG_7178-768x513.jpg 768w, https:\/\/parveen-savart.com\/wp-content\/uploads\/2024\/07\/IMG_7178-1536x1025.jpg 1536w, https:\/\/parveen-savart.com\/wp-content\/uploads\/2024\/07\/IMG_7178-2048x1367.jpg 2048w\" sizes=\"(max-width: 1024px) 100vw, 1024px\" \/><\/figure>\n<\/div>\n\n\n\n<div class=\"wp-block-column is-layout-flow wp-block-column-is-layout-flow\">\n<p class=\"has-text-align-left\" style=\"font-size:15px\">En 2022, Parveen fait ses d\u00e9buts dans le r\u00f4le de Rosalinde dans l\u2019op\u00e9ra\u00a0<em>Die Fledermaus<\/em>\u00a0de Johann Strauss sous la baguette de Lucie Leguay, mise en sc\u00e8ne de Nicola Raab. Elle\u00a0 incarne ensuite les r\u00f4les de Zlabya dans\u00a0<em>Le Chat du Rabbin<\/em>\u00a0\u00e0 l\u2019op\u00e9ra de Dijon, une cr\u00e9ation des Frivolit\u00e9s Parisiennes mise en sc\u00e8ne par Pascal Neyron et Chim\u00e8ne dans\u00a0<em>Chim\u00e8ne faire entendre sa voix<\/em>, une adaptation par Sandrine Anglade des pi\u00e8ces de A.Sacchini et Corneille en coproduction avec l\u2019Arcal et le Concert de la Loge \u00e0 l\u2019op\u00e9ra de Saint-Etienne. R\u00e9cemment, Parveen \u00e0 fait ses d\u00e9buts \u00e0 l\u2019op\u00e9ra de Limoges dans le r\u00f4le de Mica\u00ebla dans\u00a0<em>Carmen<\/em>\u00a0de Bizet, ainsi qu\u2019\u00e0 l\u2019op\u00e9ra de Reims et au th\u00e9\u00e2tre Imp\u00e9rial de Compi\u00e8gne pour la cr\u00e9ation du spectacle\u00a0<em>H\u00e9l\u00e8ne ou la voix disparue<\/em>\u00a0avec Les Frivolit\u00e9s parisiennes.<\/p>\n\n\n\n<p>En Aout 2025, Parveen incarne l\u2019Ange dans <em>L\u00e9lio<\/em> de Berlioz au festival Berlioz de la C\u00f4te Saint-Andr\u00e9 avec l\u2019ensemble Le Balcon, dirig\u00e9 par Maxime Pascal. Elle fera \u00e9galement partie de l\u2019acad\u00e9mie de cr\u00e9ation contemporaine Voix Nouvelles de l\u2019Abbaye de Roaumont. A l\u2019automne dernier, elle se produit au Alte Oper de Francfort et au Einsenach Theater avec l\u2019ensemble du Palais Royal dans un programme Bizet.<\/p>\n\n\n\n<p class=\"has-text-align-left\" style=\"font-size:15px\">Affectionnant tout autant l\u2019oratorio, elle interpr\u00e8te notamment le r\u00f4le-titre dans\u00a0<em>Esther<\/em>\u00a0de Haendel, les parties solistes des\u00a0<em>Requiem<\/em>\u00a0de Mozart et de Michael Haydn,\u00a0<em>Carmina Burana<\/em>\u00a0de Carl Orff avec l\u2019Orchestre Symphonique du Touquet, ou encore la Servante dans la\u00a0<em>Passion selon Saint-Marc<\/em>\u00a0de Micha\u00ebl Levinas \u00e0 la Philharmonie de Paris avec l\u2019Orchestre de Chambre de Paris.\u00a0<\/p>\n<\/div>\n<\/div>\n\n\n\n<hr class=\"wp-block-separator has-alpha-channel-opacity\"\/>\n\n\n\n<p class=\"has-text-align-center\"><em>\u00ab&nbsp;La soprano Parveen Savart, d\u00e9j\u00e0 remarqu\u00e9e r\u00e9cemment dans le r\u00f4le de Mica\u00ebla avec Carmen dans la production de Sandrine Anglade, laisse sa voix l\u00e9g\u00e8re et lumineuse s\u2019\u00e9panouir dans toutes ses interventions&nbsp;\u00bb<br><\/em>Olyrix<\/p>\n\n\n\n<hr class=\"wp-block-separator has-alpha-channel-opacity\"\/>\n\n\n\n<div class=\"wp-block-columns is-layout-flex wp-container-core-columns-is-layout-9d6595d7 wp-block-columns-is-layout-flex\">\n<div class=\"wp-block-column is-layout-flow wp-block-column-is-layout-flow\">\n<p class=\"has-text-align-left\" style=\"font-size:15px\">Tr\u00e8s sensible \u00e0 l\u2019univers de la m\u00e9lodie, Parveen forme des duos avec les pianistes Gaspard Thomas (avec lequel elle est laur\u00e9ate de l\u2019acad\u00e9mie du lied de Trossingen en Allemagne) et Natallia Yeliseyeva lors de r\u00e9citals \u00e0 l\u2019Auditorium du Grand Palais, au Palais de Tokyo, \u00e0 la Cit\u00e9 de la Musique, au Petit Palais avec Jeunes Talents, ou encore la Philharmonie de Minsk.\u00a0<\/p>\n\n\n\n<p>Cette saison, elle cr\u00e9e \u00e0 l\u2019Op\u00e9ra de Lille une cycle de <em>L\u00e9gendes<\/em> d\u2019Arthur Lavandier pour soprano et ensemble harpes.<\/p>\n\n\n\n<p class=\"has-text-align-left\" style=\"font-size:15px\">Parveen enregistre en juillet 2024 avec la pianiste Anna Giorgi le disque <em>\u00ab\u00a0J\u2019aurai ta cendre\u00a0\u00bb<\/em>\u00a0 avec le label INITIALE autour de m\u00e9lodies fran\u00e7aises du d\u00e9but du XXe si\u00e8cle ainsi que d\u2019une cr\u00e9ation d\u2019un cycle de m\u00e9lodies du compositeur Arthur Lavandier sur des po\u00e8mes de Pierre Peuchmaurd, pour violoncelle, piano et voix. Cette cr\u00e9ation (commande de la chanteuse elle-m\u00eame) a fait l\u2019objet d\u2019une aide de la fondation SAFRAN. L\u2019album est disponible depuis le 26 septembre 2025.<\/p>\n\n\n\n<p style=\"font-size:15px\">Prochainement, Parveen Savart se produira \u00e0 l\u2019Op\u00e9ra de Nancy dans la cr\u00e9ation de Nikodijevit \u00ab<em>\u00a0I didn&rsquo;t know where to put all my tears\u00a0<\/em>\u00bb ainsi que \u00ab\u00a0 <em>Curiew River de Britten<\/em>\u00a0\u00bb, dirig\u00e9 par Alphonse Cemin et mis en sc\u00e8ne par Silvia Costa (mars, avril 26) on pourra \u00e9galement la retrouver dans cette m\u00eame production \u00e0 l\u2019Op\u00e9ra de Rennes au mois de Mai , puis en soliste dans le <em>Stabat Mater<\/em> de Rossini en Mai et Juin prochain avec l\u2019orchestre symphonique du Touquet sous la direction de Karim Affreingue.<\/p>\n<\/div>\n\n\n\n<div class=\"wp-block-column is-layout-flow wp-block-column-is-layout-flow\">\n<figure class=\"wp-block-image size-large\"><img decoding=\"async\" width=\"1024\" height=\"1008\" src=\"http:\/\/parveen-savart.com\/site1\/wp-content\/uploads\/2024\/07\/IMG_1309-1024x1008.jpg\" alt=\"\" class=\"wp-image-389\" srcset=\"https:\/\/parveen-savart.com\/wp-content\/uploads\/2024\/07\/IMG_1309-1024x1008.jpg 1024w, https:\/\/parveen-savart.com\/wp-content\/uploads\/2024\/07\/IMG_1309-300x295.jpg 300w, https:\/\/parveen-savart.com\/wp-content\/uploads\/2024\/07\/IMG_1309-768x756.jpg 768w, https:\/\/parveen-savart.com\/wp-content\/uploads\/2024\/07\/IMG_1309.jpg 1440w\" sizes=\"(max-width: 1024px) 100vw, 1024px\" \/><\/figure>\n<\/div>\n<\/div>\n\n\n\n<hr class=\"wp-block-separator has-alpha-channel-opacity\"\/>\n\n\n\n<p class=\"has-text-align-center\"><em>\u00ab&nbsp;En une heure&nbsp;Parveen Savart&nbsp;et&nbsp;Gaspard Thomas&nbsp;nous ont prouv\u00e9s ce jour leur talent tout simplement ! Quelle voix, Quelle timbre ! Avec des graves subtils dans le Strauss ! Tout est en place, avec des pianissimi et des forte \u00e0 tomber et quelle th\u00e9\u00e2tralit\u00e9 dans l\u2019interpr\u00e9tation de ces po\u00e8mes qui parlent des Amours heureux ou malheureux. Cela fait \u00e0 peine deux ans qu\u2019ils ont form\u00e9 leur couple et l\u2019entente est parfaite. Si les&nbsp;Grieg&nbsp;\u00e9taient magnifiques \u00e0 entendre, les&nbsp;Poulenc&nbsp;savoureux, ce sont les&nbsp;Canciones&nbsp;de&nbsp;Joaquin Turina&nbsp;que nous avons le plus appr\u00e9ci\u00e9s et l\u00e0,&nbsp;Parveen Savart&nbsp;a pu s\u2019en donner \u00e0 c\u0153ur joie.&nbsp; Voil\u00e0 deux talents jeunes qui m\u00e9ritent d\u2019\u00eatre plus connus, on attend un disque avec impatience et un autre concert.&nbsp;\u00bb<\/em><br>Vieille Carne<\/p>\n\n\n\n<hr class=\"wp-block-separator has-alpha-channel-opacity\"\/>\n\n\n\n<p><\/p>\n","protected":false},"excerpt":{"rendered":"<p>EN \/ FR \u00ab&nbsp;On aime la fraicheur de la Rosalinde de Parveen Savart, \u00e0 l\u2019aigu agile et a\u00e9rien&nbsp;\u00bbConcertoNet \/ The Classical Music Network&nbsp; Apr\u00e8s des \u00e9tudes de violon et une scolarit\u00e9 \u00e0 la maitrise de Radio France puis au CRR de Paris, la soprano Parveen Savart poursuit sa formation au Conservatoire National Sup\u00e9rieur de Musique [&hellip;]<\/p>\n","protected":false},"author":1,"featured_media":0,"parent":0,"menu_order":0,"comment_status":"closed","ping_status":"closed","template":"","meta":{"ocean_post_layout":"","ocean_both_sidebars_style":"","ocean_both_sidebars_content_width":0,"ocean_both_sidebars_sidebars_width":0,"ocean_sidebar":"","ocean_second_sidebar":"","ocean_disable_margins":"enable","ocean_add_body_class":"","ocean_shortcode_before_top_bar":"","ocean_shortcode_after_top_bar":"","ocean_shortcode_before_header":"","ocean_shortcode_after_header":"","ocean_has_shortcode":"","ocean_shortcode_after_title":"","ocean_shortcode_before_footer_widgets":"","ocean_shortcode_after_footer_widgets":"","ocean_shortcode_before_footer_bottom":"","ocean_shortcode_after_footer_bottom":"","ocean_display_top_bar":"default","ocean_display_header":"default","ocean_header_style":"","ocean_center_header_left_menu":"","ocean_custom_header_template":"","ocean_custom_logo":0,"ocean_custom_retina_logo":0,"ocean_custom_logo_max_width":0,"ocean_custom_logo_tablet_max_width":0,"ocean_custom_logo_mobile_max_width":0,"ocean_custom_logo_max_height":0,"ocean_custom_logo_tablet_max_height":0,"ocean_custom_logo_mobile_max_height":0,"ocean_header_custom_menu":"","ocean_menu_typo_font_family":"","ocean_menu_typo_font_subset":"","ocean_menu_typo_font_size":0,"ocean_menu_typo_font_size_tablet":0,"ocean_menu_typo_font_size_mobile":0,"ocean_menu_typo_font_size_unit":"px","ocean_menu_typo_font_weight":"","ocean_menu_typo_font_weight_tablet":"","ocean_menu_typo_font_weight_mobile":"","ocean_menu_typo_transform":"","ocean_menu_typo_transform_tablet":"","ocean_menu_typo_transform_mobile":"","ocean_menu_typo_line_height":0,"ocean_menu_typo_line_height_tablet":0,"ocean_menu_typo_line_height_mobile":0,"ocean_menu_typo_line_height_unit":"","ocean_menu_typo_spacing":0,"ocean_menu_typo_spacing_tablet":0,"ocean_menu_typo_spacing_mobile":0,"ocean_menu_typo_spacing_unit":"","ocean_menu_link_color":"","ocean_menu_link_color_hover":"","ocean_menu_link_color_active":"","ocean_menu_link_background":"","ocean_menu_link_hover_background":"","ocean_menu_link_active_background":"","ocean_menu_social_links_bg":"","ocean_menu_social_hover_links_bg":"","ocean_menu_social_links_color":"","ocean_menu_social_hover_links_color":"","ocean_disable_title":"default","ocean_disable_heading":"default","ocean_post_title":"","ocean_post_subheading":"","ocean_post_title_style":"","ocean_post_title_background_color":"","ocean_post_title_background":0,"ocean_post_title_bg_image_position":"","ocean_post_title_bg_image_attachment":"","ocean_post_title_bg_image_repeat":"","ocean_post_title_bg_image_size":"","ocean_post_title_height":0,"ocean_post_title_bg_overlay":0.5,"ocean_post_title_bg_overlay_color":"","ocean_disable_breadcrumbs":"default","ocean_breadcrumbs_color":"","ocean_breadcrumbs_separator_color":"","ocean_breadcrumbs_links_color":"","ocean_breadcrumbs_links_hover_color":"","ocean_display_footer_widgets":"default","ocean_display_footer_bottom":"default","ocean_custom_footer_template":"","footnotes":""},"class_list":["post-8","page","type-page","status-publish","hentry","entry"],"_links":{"self":[{"href":"https:\/\/parveen-savart.com\/index.php?rest_route=\/wp\/v2\/pages\/8","targetHints":{"allow":["GET"]}}],"collection":[{"href":"https:\/\/parveen-savart.com\/index.php?rest_route=\/wp\/v2\/pages"}],"about":[{"href":"https:\/\/parveen-savart.com\/index.php?rest_route=\/wp\/v2\/types\/page"}],"author":[{"embeddable":true,"href":"https:\/\/parveen-savart.com\/index.php?rest_route=\/wp\/v2\/users\/1"}],"replies":[{"embeddable":true,"href":"https:\/\/parveen-savart.com\/index.php?rest_route=%2Fwp%2Fv2%2Fcomments&post=8"}],"version-history":[{"count":62,"href":"https:\/\/parveen-savart.com\/index.php?rest_route=\/wp\/v2\/pages\/8\/revisions"}],"predecessor-version":[{"id":1161,"href":"https:\/\/parveen-savart.com\/index.php?rest_route=\/wp\/v2\/pages\/8\/revisions\/1161"}],"wp:attachment":[{"href":"https:\/\/parveen-savart.com\/index.php?rest_route=%2Fwp%2Fv2%2Fmedia&parent=8"}],"curies":[{"name":"wp","href":"https:\/\/api.w.org\/{rel}","templated":true}]}}